{"id":5,"date":"2015-07-20T11:44:31","date_gmt":"2015-07-20T11:44:31","guid":{"rendered":"http:\/\/grupocorral.es\/?page_id=5"},"modified":"2015-07-20T23:31:33","modified_gmt":"2015-07-20T23:31:33","slug":"grupo-casa-corral","status":"publish","type":"page","link":"https:\/\/grupocorral.es\/?page_id=5","title":{"rendered":"Grupo Casa Corral"},"content":{"rendered":"<p style=\"text-align: left;\">Casa Corral S.L., cuenta con personal cualificado para la reparaci\u00f3n de instalaciones de todo tipo, as\u00ed como reposici\u00f3n de pinturas y revestimientos tanques.<\/p>\n<hr \/>\n<p style=\"text-align: left;\">Contamos con personal cualificado para la reparaci\u00f3n de instalaciones de todo tipo, (labores de mantenimiento sobre las mismas), incluso reparaci\u00f3n de instalaciones antiguas como soldadura de instalaciones de Plomo, Acero, limas de acero galvanizado, etc&#8230;<\/p>\n<hr \/>\n<p style=\"text-align: left;\">Casa Corral S.L., es una empresa homologada para Proyectar y Ejecutar instalaciones de:<br \/>\nAutorizaci\u00f3n de industria: Instaladora de Fontaner\u00eda, Instaladora RITE, (Calefacci\u00f3n y Climatizaci\u00f3n), Instaladora de GAS IG-A e IG-B, Mantenedora de Climatizaci\u00f3n, Mantenedora de Calefacci\u00f3n, Mantenedora Instalaciones de GAS.<\/p>\n<p style=\"text-align: center;\"><a href=\"https:\/\/grupocorral.es\/wp-content\/uploads\/2015\/07\/CUATRIPTICO-CASA-CORRAL-2015-page-0012.jpg\"><img loading=\"lazy\" decoding=\"async\" class=\"aligncenter size-full wp-image-46\" src=\"https:\/\/grupocorral.es\/wp-content\/uploads\/2015\/07\/CUATRIPTICO-CASA-CORRAL-2015-page-0012.jpg\" alt=\"CUATRIPTICO CASA CORRAL 2015-page-0012\" width=\"2447\" height=\"2583\" srcset=\"https:\/\/grupocorral.es\/wp-content\/uploads\/2015\/07\/CUATRIPTICO-CASA-CORRAL-2015-page-0012.jpg 2447w, https:\/\/grupocorral.es\/wp-content\/uploads\/2015\/07\/CUATRIPTICO-CASA-CORRAL-2015-page-0012-284x300.jpg 284w, https:\/\/grupocorral.es\/wp-content\/uploads\/2015\/07\/CUATRIPTICO-CASA-CORRAL-2015-page-0012-970x1024.jpg 970w\" sizes=\"auto, (max-width: 2447px) 100vw, 2447px\" \/><\/a><\/p>\n","protected":false},"excerpt":{"rendered":"<p>Casa Corral S.L., cuenta con personal cualificado para la reparaci\u00f3n de instalaciones de todo tipo, as\u00ed como reposici\u00f3n de pinturas y revestimientos tanques. Contamos con personal cualificado para la reparaci\u00f3n de instalaciones de todo tipo, (labores de mantenimiento sobre las mismas), incluso reparaci\u00f3n de instalaciones antiguas como soldadura de instalaciones de Plomo, Acero, limas de &hellip; <a href=\"https:\/\/grupocorral.es\/?page_id=5\" class=\"more-link\">Seguir leyendo <span class=\"screen-reader-text\">Grupo Casa Corral<\/span> <span class=\"meta-nav\">&rarr;<\/span><\/a><\/p>\n","protected":false},"author":1,"featured_media":0,"parent":0,"menu_order":1,"comment_status":"open","ping_status":"closed","template":"","meta":{"footnotes":""},"class_list":["post-5","page","type-page","status-publish","hentry"],"_links":{"self":[{"href":"https:\/\/grupocorral.es\/index.php?rest_route=\/wp\/v2\/pages\/5","targetHints":{"allow":["GET"]}}],"collection":[{"href":"https:\/\/grupocorral.es\/index.php?rest_route=\/wp\/v2\/pages"}],"about":[{"href":"https:\/\/grupocorral.es\/index.php?rest_route=\/wp\/v2\/types\/page"}],"author":[{"embeddable":true,"href":"https:\/\/grupocorral.es\/index.php?rest_route=\/wp\/v2\/users\/1"}],"replies":[{"embeddable":true,"href":"https:\/\/grupocorral.es\/index.php?rest_route=%2Fwp%2Fv2%2Fcomments&post=5"}],"version-history":[{"count":5,"href":"https:\/\/grupocorral.es\/index.php?rest_route=\/wp\/v2\/pages\/5\/revisions"}],"predecessor-version":[{"id":55,"href":"https:\/\/grupocorral.es\/index.php?rest_route=\/wp\/v2\/pages\/5\/revisions\/55"}],"wp:attachment":[{"href":"https:\/\/grupocorral.es\/index.php?rest_route=%2Fwp%2Fv2%2Fmedia&parent=5"}],"curies":[{"name":"wp","href":"https:\/\/api.w.org\/{rel}","templated":true}]}}